{"id":35245,"date":"2025-02-19T17:01:13","date_gmt":"2025-02-19T16:01:13","guid":{"rendered":"https:\/\/www.tardieu.fr\/?page_id=35245"},"modified":"2025-02-19T17:01:13","modified_gmt":"2025-02-19T16:01:13","slug":"terms-of-use","status":"publish","type":"page","link":"https:\/\/www.tardieu.fr\/en\/terms-of-use\/","title":{"rendered":"Terms of use"},"content":{"rendered":"\t\t<div data-elementor-type=\"wp-page\" data-elementor-id=\"35245\" class=\"elementor elementor-35245 elementor-1393\" data-elementor-post-type=\"page\">\n\t\t\t\t<div class=\"elementor-element elementor-element-3e88485c e-flex e-con-boxed e-con e-parent\" data-id=\"3e88485c\" data-element_type=\"container\" data-e-type=\"container\">\n\t\t\t\t\t<div class=\"e-con-inner\">\n\t\t\t\t<div class=\"elementor-element elementor-element-aed35f4 elementor-widget elementor-widget-heading\" data-id=\"aed35f4\" data-element_type=\"widget\" data-e-type=\"widget\" data-widget_type=\"heading.default\">\n\t\t\t\t<div class=\"elementor-widget-container\">\n\t\t\t\t\t<h1 class=\"elementor-heading-title elementor-size-default\">Terms of use<\/h1>\t\t\t\t<\/div>\n\t\t\t\t<\/div>\n\t\t\t\t<div class=\"elementor-element elementor-element-4903fb67 elementor-widget elementor-widget-text-editor\" data-id=\"4903fb67\" data-element_type=\"widget\" data-e-type=\"widget\" data-widget_type=\"text-editor.default\">\n\t\t\t\t<div class=\"elementor-widget-container\">\n\t\t\t\t\t\t\t\t\t<p>Pour satisfaire aux dispositions de la loi pour la confiance dans l\u2019\u00e9conomie num\u00e9rique du 21 juin 2004, seront \u00e9nonc\u00e9es ci-apr\u00e8s les mentions l\u00e9gales requises afin de permettre l\u2019identification de l\u2019\u00e9diteur du pr\u00e9sent site Internet.<\/p><p>Le pr\u00e9sent site est \u00e9dit\u00e9 par la soci\u00e9t\u00e9<br \/>SARL AGENCE DU PORT, immatricul\u00e9e au registre du commerce et des soci\u00e9t\u00e9s sous le num\u00e9ro 417500568 R.C.S. Fr\u00e9jus le 05\/02\/1998, et dont le si\u00e8ge social est 8 Rue Jean Mermoz 83990 Saint-Tropez\u00a0<\/p><p>Num\u00e9ro de TVA intracommunautaire : FR80417500568<\/p><p>Le pr\u00e9sent site est h\u00e9berg\u00e9 par HOSTINGER operations, UAB, dont le si\u00e8ge social est 5\u0160vitrigailos str. 34, Vilnius 03230 Lithuania, Phone: +37064503378, Email: domains@hostinger.com.<\/p><p>Ce site internet a \u00e9t\u00e9 r\u00e9alis\u00e9 en utilisant la solution open-source WordPress.<\/p><p><strong>Protection des donn\u00e9es personnelles<\/strong><\/p><p>L\u2019\u00e9tablissement TARDIEU IMMOBILIER utilise vos informations personnelles pour le bon traitement des commandes.<br \/>En vous inscrivant sur le site, vous vous engagez \u00e0 nous fournir des informations sinc\u00e8res et v\u00e9ritables vous concernant.<br \/>La communication de fausses informations est contraire aux pr\u00e9sentes conditions g\u00e9n\u00e9rales ainsi qu\u2019aux conditions d\u2019utilisation figurant sur le Site.<\/p><p>Vous avez un droit permanent d\u2019acc\u00e8s et de rectification sur toutes les donn\u00e9es vous concernant, conform\u00e9ment aux textes europ\u00e9ens et aux lois nationales en vigueur (article 34 de la loi du 6 janvier 1978). Il suffit d\u2019en faire la demande \u00e0 :TARDIEU IMMOBILIER, 8 Rue Jean Mermoz 83990 Saint-Tropez<\/p><p><a href=\"https:\/\/immobilier-saint-tropez.net\/politique-de-confidentialite\/\">TARDIEU IMMOBILIER est soucieux de l\u2019utilisation et de la s\u00e9curisation des donn\u00e9es personnelles.<\/a><\/p><p><strong>Propri\u00e9t\u00e9 intellectuelle<\/strong><\/p><p>Toutes les pages de ce Site sont prot\u00e9g\u00e9es par le droit d\u2019auteur fran\u00e7ais et la l\u00e9gislation sur les bases de donn\u00e9es. Aucune reproduction de son contenu, m\u00eame partiel n\u2019est autoris\u00e9e.\u00a0<\/p><p><strong>Bar\u00e8me de l\u2019agence<\/strong><\/p><p>Pour le bar\u00e8me de l\u2019agence tarifs honoraires toutes taxes comprises, sauf en cas d\u2019accord particulier :\u00a0<\/p><p>\u2013 Appartements, maisons de village, h\u00f4tels particuliers, propri\u00e9t\u00e9s, terrains, immeuble \u00e0 usage commercial : 6 %\u00a0<\/p><p>\u2013 fonds de commerce, cr\u00e9ations de baux, cessions de parts sociales :8 % de la cession, 12 % loyer triennal.<\/p><p><strong>M\u00e9diateur de la Consommation<\/strong><\/p><p>M. Jean-Philippe DUVAL \u2013 MEDIATION VIVONS MIEUX ENSEMBLE<br \/>06.61.18.50.97<br \/>www.mediation-vivons-mieux-ensemble.fr<\/p><p>Conform\u00e9ment \u00e0 l\u2019article L. 211-3 du Code de la consommation, le Mandant est inform\u00e9 que, en tant que consommateur, il a le droit de recourir \u00e0 un m\u00e9diateur de la consommation en vue de la r\u00e9solution amiable du litige qui pourrait l\u2019opposer au Mandataire. Les modalit\u00e9s de cette m\u00e9diation sont organis\u00e9es par les articles L. 611-1 et suivants et R. 612-1 et suivants du Code de la consommation, lesquels pr\u00e9voient notamment que :<\/p><p>1. La m\u00e9diation est gratuite pour le consommateur \u00e0 l\u2019exception des frais pr\u00e9vus aux 3\u00b0 et 4\u00b0 de l\u2019article R. 612-1 du Code de la consommation.<\/p><p>2. Le Mandant doit justifier avoir tent\u00e9, au pr\u00e9alable, de r\u00e9soudre son litige directement aupr\u00e8s du Mandataire par une r\u00e9clamation \u00e9crite.<\/p><p>3. Le m\u00e9diateur doit \u00eatre saisi dans un d\u00e9lai de un an \u00e0 compter de sa r\u00e9clamation \u00e9crite aupr\u00e8s du professionnel.<\/p><p>4. Le m\u00e9diateur, qui doit \u00eatre inscrit sur la liste des m\u00e9diateurs agr\u00e9\u00e9s par la Commission d\u2019Evaluation et de Contr\u00f4le de la M\u00e9diation, accomplit sa mission avec diligence et comp\u00e9tence, en toute ind\u00e9pendance et impartialit\u00e9, dans le cadre d\u2019une proc\u00e9dure transparente, efficace et \u00e9quitable<\/p>\t\t\t\t\t\t\t\t<\/div>\n\t\t\t\t<\/div>\n\t\t\t\t\t<\/div>\n\t\t\t\t<\/div>\n\t\t\t\t<\/div>\n\t\t","protected":false},"excerpt":{"rendered":"","protected":false},"author":1,"featured_media":0,"parent":0,"menu_order":0,"comment_status":"closed","ping_status":"closed","template":"elementor_header_footer","meta":{"footnotes":""},"class_list":["post-35245","page","type-page","status-publish","hentry"],"yoast_head":"<!-- This site is optimized with the Yoast SEO plugin v27.3 - https:\/\/yoast.com\/product\/yoast-seo-wordpress\/ -->\n<title>Terms of use - Tardieu Immobilier St-Tropez<\/title>\n<meta name=\"description\" content=\"Tardieu Immobilier St-Tropez\" \/>\n<meta name=\"robots\" content=\"index, follow, max-snippet:-1, max-image-preview:large, max-video-preview:-1\" \/>\n<link rel=\"canonical\" href=\"https:\/\/www.tardieu.fr\/en\/terms-of-use\/\" \/>\n<meta property=\"og:locale\" content=\"en_US\" \/>\n<meta property=\"og:type\" content=\"article\" \/>\n<meta property=\"og:title\" content=\"Terms of use - Tardieu Immobilier St-Tropez\" \/>\n<meta property=\"og:description\" content=\"Tardieu Immobilier St-Tropez\" \/>\n<meta property=\"og:url\" content=\"https:\/\/www.tardieu.fr\/en\/terms-of-use\/\" \/>\n<meta property=\"og:site_name\" content=\"Tardieu Immobilier St-Tropez\" \/>\n<meta property=\"article:publisher\" content=\"https:\/\/www.facebook.com\/tardieu.immobilier\/\" \/>\n<meta name=\"twitter:card\" content=\"summary_large_image\" \/>\n<script type=\"application\/ld+json\" class=\"yoast-schema-graph\">{\"@context\":\"https:\\\/\\\/schema.org\",\"@graph\":[{\"@type\":\"WebPage\",\"@id\":\"https:\\\/\\\/www.tardieu.fr\\\/en\\\/terms-of-use\\\/\",\"url\":\"https:\\\/\\\/www.tardieu.fr\\\/en\\\/terms-of-use\\\/\",\"name\":\"Terms of use - Tardieu Immobilier St-Tropez\",\"isPartOf\":{\"@id\":\"https:\\\/\\\/www.tardieu.fr\\\/en\\\/#website\"},\"datePublished\":\"2025-02-19T16:01:13+00:00\",\"description\":\"Tardieu Immobilier St-Tropez\",\"breadcrumb\":{\"@id\":\"https:\\\/\\\/www.tardieu.fr\\\/en\\\/terms-of-use\\\/#breadcrumb\"},\"inLanguage\":\"en-US\",\"potentialAction\":[{\"@type\":\"ReadAction\",\"target\":[\"https:\\\/\\\/www.tardieu.fr\\\/en\\\/terms-of-use\\\/\"]}]},{\"@type\":\"BreadcrumbList\",\"@id\":\"https:\\\/\\\/www.tardieu.fr\\\/en\\\/terms-of-use\\\/#breadcrumb\",\"itemListElement\":[{\"@type\":\"ListItem\",\"position\":1,\"name\":\"Home\",\"item\":\"https:\\\/\\\/www.tardieu.fr\\\/en\\\/\"},{\"@type\":\"ListItem\",\"position\":2,\"name\":\"Terms of use\"}]},{\"@type\":\"WebSite\",\"@id\":\"https:\\\/\\\/www.tardieu.fr\\\/en\\\/#website\",\"url\":\"https:\\\/\\\/www.tardieu.fr\\\/en\\\/\",\"name\":\"Tardieu Immobilier St-Tropez\",\"description\":\"Tardieu Immobilier St-Tropez\",\"publisher\":{\"@id\":\"https:\\\/\\\/www.tardieu.fr\\\/en\\\/#organization\"},\"potentialAction\":[{\"@type\":\"SearchAction\",\"target\":{\"@type\":\"EntryPoint\",\"urlTemplate\":\"https:\\\/\\\/www.tardieu.fr\\\/en\\\/?s={search_term_string}\"},\"query-input\":{\"@type\":\"PropertyValueSpecification\",\"valueRequired\":true,\"valueName\":\"search_term_string\"}}],\"inLanguage\":\"en-US\"},{\"@type\":\"Organization\",\"@id\":\"https:\\\/\\\/www.tardieu.fr\\\/en\\\/#organization\",\"name\":\"Tardieu Immobilier St-Tropez\",\"url\":\"https:\\\/\\\/www.tardieu.fr\\\/en\\\/\",\"logo\":{\"@type\":\"ImageObject\",\"inLanguage\":\"en-US\",\"@id\":\"https:\\\/\\\/www.tardieu.fr\\\/en\\\/#\\\/schema\\\/logo\\\/image\\\/\",\"url\":\"https:\\\/\\\/www.tardieu.fr\\\/wp-content\\\/uploads\\\/2024\\\/10\\\/tardieu-logo-noir.png\",\"contentUrl\":\"https:\\\/\\\/www.tardieu.fr\\\/wp-content\\\/uploads\\\/2024\\\/10\\\/tardieu-logo-noir.png\",\"width\":493,\"height\":258,\"caption\":\"Tardieu Immobilier St-Tropez\"},\"image\":{\"@id\":\"https:\\\/\\\/www.tardieu.fr\\\/en\\\/#\\\/schema\\\/logo\\\/image\\\/\"},\"sameAs\":[\"https:\\\/\\\/www.facebook.com\\\/tardieu.immobilier\\\/\",\"https:\\\/\\\/www.instagram.com\\\/tardieu.immobilier\\\/\",\"https:\\\/\\\/www.linkedin.com\\\/company\\\/tardieu-immobilier\\\/\"]}]}<\/script>\n<!-- \/ Yoast SEO plugin. -->","yoast_head_json":{"title":"Terms of use - Tardieu Immobilier St-Tropez","description":"Tardieu Immobilier St-Tropez","robots":{"index":"index","follow":"follow","max-snippet":"max-snippet:-1","max-image-preview":"max-image-preview:large","max-video-preview":"max-video-preview:-1"},"canonical":"https:\/\/www.tardieu.fr\/en\/terms-of-use\/","og_locale":"en_US","og_type":"article","og_title":"Terms of use - Tardieu Immobilier St-Tropez","og_description":"Tardieu Immobilier St-Tropez","og_url":"https:\/\/www.tardieu.fr\/en\/terms-of-use\/","og_site_name":"Tardieu Immobilier St-Tropez","article_publisher":"https:\/\/www.facebook.com\/tardieu.immobilier\/","twitter_card":"summary_large_image","schema":{"@context":"https:\/\/schema.org","@graph":[{"@type":"WebPage","@id":"https:\/\/www.tardieu.fr\/en\/terms-of-use\/","url":"https:\/\/www.tardieu.fr\/en\/terms-of-use\/","name":"Terms of use - Tardieu Immobilier St-Tropez","isPartOf":{"@id":"https:\/\/www.tardieu.fr\/en\/#website"},"datePublished":"2025-02-19T16:01:13+00:00","description":"Tardieu Immobilier St-Tropez","breadcrumb":{"@id":"https:\/\/www.tardieu.fr\/en\/terms-of-use\/#breadcrumb"},"inLanguage":"en-US","potentialAction":[{"@type":"ReadAction","target":["https:\/\/www.tardieu.fr\/en\/terms-of-use\/"]}]},{"@type":"BreadcrumbList","@id":"https:\/\/www.tardieu.fr\/en\/terms-of-use\/#breadcrumb","itemListElement":[{"@type":"ListItem","position":1,"name":"Home","item":"https:\/\/www.tardieu.fr\/en\/"},{"@type":"ListItem","position":2,"name":"Terms of use"}]},{"@type":"WebSite","@id":"https:\/\/www.tardieu.fr\/en\/#website","url":"https:\/\/www.tardieu.fr\/en\/","name":"Tardieu Immobilier St-Tropez","description":"Tardieu Immobilier St-Tropez","publisher":{"@id":"https:\/\/www.tardieu.fr\/en\/#organization"},"potentialAction":[{"@type":"SearchAction","target":{"@type":"EntryPoint","urlTemplate":"https:\/\/www.tardieu.fr\/en\/?s={search_term_string}"},"query-input":{"@type":"PropertyValueSpecification","valueRequired":true,"valueName":"search_term_string"}}],"inLanguage":"en-US"},{"@type":"Organization","@id":"https:\/\/www.tardieu.fr\/en\/#organization","name":"Tardieu Immobilier St-Tropez","url":"https:\/\/www.tardieu.fr\/en\/","logo":{"@type":"ImageObject","inLanguage":"en-US","@id":"https:\/\/www.tardieu.fr\/en\/#\/schema\/logo\/image\/","url":"https:\/\/www.tardieu.fr\/wp-content\/uploads\/2024\/10\/tardieu-logo-noir.png","contentUrl":"https:\/\/www.tardieu.fr\/wp-content\/uploads\/2024\/10\/tardieu-logo-noir.png","width":493,"height":258,"caption":"Tardieu Immobilier St-Tropez"},"image":{"@id":"https:\/\/www.tardieu.fr\/en\/#\/schema\/logo\/image\/"},"sameAs":["https:\/\/www.facebook.com\/tardieu.immobilier\/","https:\/\/www.instagram.com\/tardieu.immobilier\/","https:\/\/www.linkedin.com\/company\/tardieu-immobilier\/"]}]}},"_links":{"self":[{"href":"https:\/\/www.tardieu.fr\/en\/wp-json\/wp\/v2\/pages\/35245","targetHints":{"allow":["GET"]}}],"collection":[{"href":"https:\/\/www.tardieu.fr\/en\/wp-json\/wp\/v2\/pages"}],"about":[{"href":"https:\/\/www.tardieu.fr\/en\/wp-json\/wp\/v2\/types\/page"}],"author":[{"embeddable":true,"href":"https:\/\/www.tardieu.fr\/en\/wp-json\/wp\/v2\/users\/1"}],"replies":[{"embeddable":true,"href":"https:\/\/www.tardieu.fr\/en\/wp-json\/wp\/v2\/comments?post=35245"}],"version-history":[{"count":0,"href":"https:\/\/www.tardieu.fr\/en\/wp-json\/wp\/v2\/pages\/35245\/revisions"}],"wp:attachment":[{"href":"https:\/\/www.tardieu.fr\/en\/wp-json\/wp\/v2\/media?parent=35245"}],"curies":[{"name":"wp","href":"https:\/\/api.w.org\/{rel}","templated":true}]}}