{"id":35283,"date":"2025-02-19T17:02:49","date_gmt":"2025-02-19T16:02:49","guid":{"rendered":"https:\/\/www.tardieu.fr\/?page_id=35283"},"modified":"2025-02-19T17:02:50","modified_gmt":"2025-02-19T16:02:50","slug":"scale-of-fees","status":"publish","type":"page","link":"https:\/\/www.tardieu.fr\/en\/scale-of-fees\/","title":{"rendered":"Scale of fees"},"content":{"rendered":"\t\t<div data-elementor-type=\"wp-page\" data-elementor-id=\"35283\" class=\"elementor elementor-35283 elementor-2054\" data-elementor-post-type=\"page\">\n\t\t\t\t<div class=\"elementor-element elementor-element-63f0f0c0 e-flex e-con-boxed e-con e-parent\" data-id=\"63f0f0c0\" data-element_type=\"container\" data-e-type=\"container\">\n\t\t\t\t\t<div class=\"e-con-inner\">\n\t\t\t\t<div class=\"elementor-element elementor-element-58ca586 elementor-widget elementor-widget-heading\" data-id=\"58ca586\" data-element_type=\"widget\" data-e-type=\"widget\" data-widget_type=\"heading.default\">\n\t\t\t\t<div class=\"elementor-widget-container\">\n\t\t\t\t\t<h1 class=\"elementor-heading-title elementor-size-default\">Scale of fees<\/h1>\t\t\t\t<\/div>\n\t\t\t\t<\/div>\n\t\t\t\t<div class=\"elementor-element elementor-element-51679682 elementor-widget elementor-widget-text-editor\" data-id=\"51679682\" data-element_type=\"widget\" data-e-type=\"widget\" data-widget_type=\"text-editor.default\">\n\t\t\t\t<div class=\"elementor-widget-container\">\n\t\t\t\t\t\t\t\t\t\n<p class=\"has-text-align-center\"><strong>Pour le bar\u00e8me de l\u2019agence tarifs honoraires toutes taxes comprises, sauf en cas d\u2019accord particulier<\/strong><\/p>\n\n<p class=\"has-text-align-center\">\u2013 <br \/>Appartements, maisons de village, h\u00f4tels particuliers, propri\u00e9t\u00e9s, terrains, immeuble \u00e0 usage commercial :<br \/>6 %\u00a0<\/p>\n\n<p class=\"has-text-align-center\">\u2013 <br \/>Fonds de commerce, cr\u00e9ations de baux, cessions de parts sociales :\u00a0<br \/>8 % de la cession, 12 % loyer triennal<\/p>\n\n<p>\u00a0<\/p>\n\t\t\t\t\t\t\t\t<\/div>\n\t\t\t\t<\/div>\n\t\t\t\t\t<\/div>\n\t\t\t\t<\/div>\n\t\t\t\t<\/div>\n\t\t","protected":false},"excerpt":{"rendered":"","protected":false},"author":1,"featured_media":0,"parent":0,"menu_order":0,"comment_status":"closed","ping_status":"closed","template":"elementor_header_footer","meta":{"footnotes":""},"class_list":["post-35283","page","type-page","status-publish","hentry"],"yoast_head":"<!-- This site is optimized with the Yoast SEO plugin v27.3 - https:\/\/yoast.com\/product\/yoast-seo-wordpress\/ -->\n<title>Scale of fees - Tardieu Immobilier St-Tropez<\/title>\n<meta name=\"description\" content=\"Tardieu Immobilier St-Tropez\" \/>\n<meta name=\"robots\" content=\"index, follow, max-snippet:-1, max-image-preview:large, max-video-preview:-1\" \/>\n<link rel=\"canonical\" href=\"https:\/\/www.tardieu.fr\/en\/scale-of-fees\/\" \/>\n<meta property=\"og:locale\" content=\"en_US\" \/>\n<meta property=\"og:type\" content=\"article\" \/>\n<meta property=\"og:title\" content=\"Scale of fees - Tardieu Immobilier St-Tropez\" \/>\n<meta property=\"og:description\" content=\"Tardieu Immobilier St-Tropez\" \/>\n<meta property=\"og:url\" content=\"https:\/\/www.tardieu.fr\/en\/scale-of-fees\/\" \/>\n<meta property=\"og:site_name\" content=\"Tardieu Immobilier St-Tropez\" \/>\n<meta property=\"article:publisher\" content=\"https:\/\/www.facebook.com\/tardieu.immobilier\/\" \/>\n<meta property=\"article:modified_time\" content=\"2025-02-19T16:02:50+00:00\" \/>\n<meta name=\"twitter:card\" content=\"summary_large_image\" \/>\n<script type=\"application\/ld+json\" class=\"yoast-schema-graph\">{\"@context\":\"https:\\\/\\\/schema.org\",\"@graph\":[{\"@type\":\"WebPage\",\"@id\":\"https:\\\/\\\/www.tardieu.fr\\\/en\\\/scale-of-fees\\\/\",\"url\":\"https:\\\/\\\/www.tardieu.fr\\\/en\\\/scale-of-fees\\\/\",\"name\":\"Scale of fees - Tardieu Immobilier St-Tropez\",\"isPartOf\":{\"@id\":\"https:\\\/\\\/www.tardieu.fr\\\/en\\\/#website\"},\"datePublished\":\"2025-02-19T16:02:49+00:00\",\"dateModified\":\"2025-02-19T16:02:50+00:00\",\"description\":\"Tardieu Immobilier St-Tropez\",\"breadcrumb\":{\"@id\":\"https:\\\/\\\/www.tardieu.fr\\\/en\\\/scale-of-fees\\\/#breadcrumb\"},\"inLanguage\":\"en-US\",\"potentialAction\":[{\"@type\":\"ReadAction\",\"target\":[\"https:\\\/\\\/www.tardieu.fr\\\/en\\\/scale-of-fees\\\/\"]}]},{\"@type\":\"BreadcrumbList\",\"@id\":\"https:\\\/\\\/www.tardieu.fr\\\/en\\\/scale-of-fees\\\/#breadcrumb\",\"itemListElement\":[{\"@type\":\"ListItem\",\"position\":1,\"name\":\"Home\",\"item\":\"https:\\\/\\\/www.tardieu.fr\\\/en\\\/\"},{\"@type\":\"ListItem\",\"position\":2,\"name\":\"Scale of fees\"}]},{\"@type\":\"WebSite\",\"@id\":\"https:\\\/\\\/www.tardieu.fr\\\/en\\\/#website\",\"url\":\"https:\\\/\\\/www.tardieu.fr\\\/en\\\/\",\"name\":\"Tardieu Immobilier St-Tropez\",\"description\":\"Tardieu Immobilier St-Tropez\",\"publisher\":{\"@id\":\"https:\\\/\\\/www.tardieu.fr\\\/en\\\/#organization\"},\"potentialAction\":[{\"@type\":\"SearchAction\",\"target\":{\"@type\":\"EntryPoint\",\"urlTemplate\":\"https:\\\/\\\/www.tardieu.fr\\\/en\\\/?s={search_term_string}\"},\"query-input\":{\"@type\":\"PropertyValueSpecification\",\"valueRequired\":true,\"valueName\":\"search_term_string\"}}],\"inLanguage\":\"en-US\"},{\"@type\":\"Organization\",\"@id\":\"https:\\\/\\\/www.tardieu.fr\\\/en\\\/#organization\",\"name\":\"Tardieu Immobilier St-Tropez\",\"url\":\"https:\\\/\\\/www.tardieu.fr\\\/en\\\/\",\"logo\":{\"@type\":\"ImageObject\",\"inLanguage\":\"en-US\",\"@id\":\"https:\\\/\\\/www.tardieu.fr\\\/en\\\/#\\\/schema\\\/logo\\\/image\\\/\",\"url\":\"https:\\\/\\\/www.tardieu.fr\\\/wp-content\\\/uploads\\\/2024\\\/10\\\/tardieu-logo-noir.png\",\"contentUrl\":\"https:\\\/\\\/www.tardieu.fr\\\/wp-content\\\/uploads\\\/2024\\\/10\\\/tardieu-logo-noir.png\",\"width\":493,\"height\":258,\"caption\":\"Tardieu Immobilier St-Tropez\"},\"image\":{\"@id\":\"https:\\\/\\\/www.tardieu.fr\\\/en\\\/#\\\/schema\\\/logo\\\/image\\\/\"},\"sameAs\":[\"https:\\\/\\\/www.facebook.com\\\/tardieu.immobilier\\\/\",\"https:\\\/\\\/www.instagram.com\\\/tardieu.immobilier\\\/\",\"https:\\\/\\\/www.linkedin.com\\\/company\\\/tardieu-immobilier\\\/\"]}]}<\/script>\n<!-- \/ Yoast SEO plugin. -->","yoast_head_json":{"title":"Scale of fees - Tardieu Immobilier St-Tropez","description":"Tardieu Immobilier St-Tropez","robots":{"index":"index","follow":"follow","max-snippet":"max-snippet:-1","max-image-preview":"max-image-preview:large","max-video-preview":"max-video-preview:-1"},"canonical":"https:\/\/www.tardieu.fr\/en\/scale-of-fees\/","og_locale":"en_US","og_type":"article","og_title":"Scale of fees - Tardieu Immobilier St-Tropez","og_description":"Tardieu Immobilier St-Tropez","og_url":"https:\/\/www.tardieu.fr\/en\/scale-of-fees\/","og_site_name":"Tardieu Immobilier St-Tropez","article_publisher":"https:\/\/www.facebook.com\/tardieu.immobilier\/","article_modified_time":"2025-02-19T16:02:50+00:00","twitter_card":"summary_large_image","schema":{"@context":"https:\/\/schema.org","@graph":[{"@type":"WebPage","@id":"https:\/\/www.tardieu.fr\/en\/scale-of-fees\/","url":"https:\/\/www.tardieu.fr\/en\/scale-of-fees\/","name":"Scale of fees - Tardieu Immobilier St-Tropez","isPartOf":{"@id":"https:\/\/www.tardieu.fr\/en\/#website"},"datePublished":"2025-02-19T16:02:49+00:00","dateModified":"2025-02-19T16:02:50+00:00","description":"Tardieu Immobilier St-Tropez","breadcrumb":{"@id":"https:\/\/www.tardieu.fr\/en\/scale-of-fees\/#breadcrumb"},"inLanguage":"en-US","potentialAction":[{"@type":"ReadAction","target":["https:\/\/www.tardieu.fr\/en\/scale-of-fees\/"]}]},{"@type":"BreadcrumbList","@id":"https:\/\/www.tardieu.fr\/en\/scale-of-fees\/#breadcrumb","itemListElement":[{"@type":"ListItem","position":1,"name":"Home","item":"https:\/\/www.tardieu.fr\/en\/"},{"@type":"ListItem","position":2,"name":"Scale of fees"}]},{"@type":"WebSite","@id":"https:\/\/www.tardieu.fr\/en\/#website","url":"https:\/\/www.tardieu.fr\/en\/","name":"Tardieu Immobilier St-Tropez","description":"Tardieu Immobilier St-Tropez","publisher":{"@id":"https:\/\/www.tardieu.fr\/en\/#organization"},"potentialAction":[{"@type":"SearchAction","target":{"@type":"EntryPoint","urlTemplate":"https:\/\/www.tardieu.fr\/en\/?s={search_term_string}"},"query-input":{"@type":"PropertyValueSpecification","valueRequired":true,"valueName":"search_term_string"}}],"inLanguage":"en-US"},{"@type":"Organization","@id":"https:\/\/www.tardieu.fr\/en\/#organization","name":"Tardieu Immobilier St-Tropez","url":"https:\/\/www.tardieu.fr\/en\/","logo":{"@type":"ImageObject","inLanguage":"en-US","@id":"https:\/\/www.tardieu.fr\/en\/#\/schema\/logo\/image\/","url":"https:\/\/www.tardieu.fr\/wp-content\/uploads\/2024\/10\/tardieu-logo-noir.png","contentUrl":"https:\/\/www.tardieu.fr\/wp-content\/uploads\/2024\/10\/tardieu-logo-noir.png","width":493,"height":258,"caption":"Tardieu Immobilier St-Tropez"},"image":{"@id":"https:\/\/www.tardieu.fr\/en\/#\/schema\/logo\/image\/"},"sameAs":["https:\/\/www.facebook.com\/tardieu.immobilier\/","https:\/\/www.instagram.com\/tardieu.immobilier\/","https:\/\/www.linkedin.com\/company\/tardieu-immobilier\/"]}]}},"_links":{"self":[{"href":"https:\/\/www.tardieu.fr\/en\/wp-json\/wp\/v2\/pages\/35283","targetHints":{"allow":["GET"]}}],"collection":[{"href":"https:\/\/www.tardieu.fr\/en\/wp-json\/wp\/v2\/pages"}],"about":[{"href":"https:\/\/www.tardieu.fr\/en\/wp-json\/wp\/v2\/types\/page"}],"author":[{"embeddable":true,"href":"https:\/\/www.tardieu.fr\/en\/wp-json\/wp\/v2\/users\/1"}],"replies":[{"embeddable":true,"href":"https:\/\/www.tardieu.fr\/en\/wp-json\/wp\/v2\/comments?post=35283"}],"version-history":[{"count":0,"href":"https:\/\/www.tardieu.fr\/en\/wp-json\/wp\/v2\/pages\/35283\/revisions"}],"wp:attachment":[{"href":"https:\/\/www.tardieu.fr\/en\/wp-json\/wp\/v2\/media?parent=35283"}],"curies":[{"name":"wp","href":"https:\/\/api.w.org\/{rel}","templated":true}]}}